{"id":2441,"date":"2024-02-19T14:27:00","date_gmt":"2024-02-19T14:27:00","guid":{"rendered":"https:\/\/christinasamira.com\/?page_id=2441"},"modified":"2024-02-22T13:30:59","modified_gmt":"2024-02-22T13:30:59","slug":"brennservice","status":"publish","type":"page","link":"https:\/\/christinasamira.com\/index.php\/brennservice\/","title":{"rendered":"Brennservice"},"content":{"rendered":"\t\t<div data-elementor-type=\"wp-page\" data-elementor-id=\"2441\" class=\"elementor elementor-2441\">\n\t\t\t\t\t\t<header class=\"elementor-section elementor-top-section elementor-element elementor-element-1721d97e elementor-section-full_width elementor-section-height-min-height elementor-section-content-middle elementor-section-stretched elementor-section-height-default elementor-section-items-middle\" data-id=\"1721d97e\" data-element_type=\"section\" data-e-type=\"section\" data-settings=\"{&quot;stretch_section&quot;:&quot;section-stretched&quot;,&quot;background_background&quot;:&quot;classic&quot;}\">\n\t\t\t\t\t\t<div class=\"elementor-container elementor-column-gap-default\">\n\t\t\t\t\t<div class=\"elementor-column elementor-col-33 elementor-top-column elementor-element elementor-element-7af8e4d1 elementor-hidden-mobile\" data-id=\"7af8e4d1\" data-element_type=\"column\" data-e-type=\"column\" id=\"headerName\">\n\t\t\t<div class=\"elementor-widget-wrap elementor-element-populated\">\n\t\t\t\t\t\t<div class=\"elementor-element elementor-element-6063f704 elementor-widget elementor-widget-image\" data-id=\"6063f704\" data-element_type=\"widget\" data-e-type=\"widget\" data-widget_type=\"image.default\">\n\t\t\t\t<div class=\"elementor-widget-container\">\n\t\t\t\t\t\t\t\t\t\t\t\t\t\t\t\t<a href=\"https:\/\/christinasamira.com\/index.php\/index\/\">\n\t\t\t\t\t\t\t<img decoding=\"async\" width=\"268\" height=\"28\" src=\"https:\/\/christinasamira.com\/wp-content\/uploads\/2022\/03\/Element-2-1.svg\" class=\"attachment-large size-large wp-image-855\" alt=\"\" \/>\t\t\t\t\t\t\t\t<\/a>\n\t\t\t\t\t\t\t\t\t\t\t\t\t\t\t<\/div>\n\t\t\t\t<\/div>\n\t\t\t\t\t<\/div>\n\t\t<\/div>\n\t\t\t\t<div class=\"elementor-column elementor-col-33 elementor-top-column elementor-element elementor-element-462afb22\" data-id=\"462afb22\" data-element_type=\"column\" data-e-type=\"column\">\n\t\t\t<div class=\"elementor-widget-wrap elementor-element-populated\">\n\t\t\t\t\t\t<div class=\"elementor-element elementor-element-68bfdf6f e-transform elementor-view-default elementor-widget elementor-widget-icon\" data-id=\"68bfdf6f\" data-element_type=\"widget\" data-e-type=\"widget\" data-settings=\"{&quot;_transform_rotateZ_effect_hover&quot;:{&quot;unit&quot;:&quot;px&quot;,&quot;size&quot;:-12,&quot;sizes&quot;:[]},&quot;_transform_rotateZ_effect_hover_tablet&quot;:{&quot;unit&quot;:&quot;deg&quot;,&quot;size&quot;:&quot;&quot;,&quot;sizes&quot;:[]},&quot;_transform_rotateZ_effect_hover_mobile&quot;:{&quot;unit&quot;:&quot;deg&quot;,&quot;size&quot;:&quot;&quot;,&quot;sizes&quot;:[]}}\" data-widget_type=\"icon.default\">\n\t\t\t\t<div class=\"elementor-widget-container\">\n\t\t\t\t\t\t\t<div class=\"elementor-icon-wrapper\">\n\t\t\t<a class=\"elementor-icon\" href=\"https:\/\/christinasamira.com\/index.php\/index\/\">\n\t\t\t<svg xmlns=\"http:\/\/www.w3.org\/2000\/svg\" viewBox=\"0 0 535.78 535.58\"><g id=\"Ebene_2\" data-name=\"Ebene 2\"><g id=\"Ebene_1-2\" data-name=\"Ebene 1\"><g id=\"wyUK8x.tif\"><path d=\"M535.56,277.65H516.18c0-3.57,0-7.12,0-10.66-.09-24.79-3.36-49.15-11-72.72Q470.21,87.35,367.79,40.48a226.78,226.78,0,0,0-71.41-19.3C226.7,14,164.19,31.89,110,76.38c-44.37,36.39-72.57,83.12-84.89,139.2a243.33,243.33,0,0,0-4.81,70.47C24,336.91,41.65,382.43,73.4,422.18Q130,493,219.08,511.35a242.25,242.25,0,0,0,64.32,4.39c40.57-2.6,78.43-14.11,113.06-35.47A174.31,174.31,0,0,0,458,416.46c7.66-13.68,13.07-28.21,14.93-43.86,3.24-27.21-5.5-49.66-27.17-66.68-8.55-6.73-18.7-9.57-29.4-10.61-18.14-1.78-35.45,2.3-52.24,8.39-14,5.06-27.53,11.21-41.25,16.91-17.56,7.3-35.55,13.16-54.41,16-22.1,3.3-44,2.74-64.57-6.9C178.5,317.8,162.88,297.92,158.46,270c-7.17-45.32,17.09-91.2,60.53-111.79,17.19-8.14,35.24-12.58,54.34-11.53,27.62,1.53,51.61,11.84,71.89,30.69,2.07,1.92,4,3.93,6.44,6.26l-14.59,13.05c-1.27-1.21-3.32-3.13-5.36-5.07-15.73-14.9-34.44-23.45-56-25.14-27.15-2.12-50.91,6.67-71,24.75-16.2,14.59-25.22,33.19-27.58,54.93-1.38,12.73-.21,25.21,5.28,36.84,8.56,18.15,23.31,28.81,42.58,33.48,15.61,3.77,31.24,2.75,46.81-.24,19.05-3.66,37-10.5,54.63-18.51,18.11-8.24,36.59-15.55,56.19-19.46,18-3.6,36-4.6,53.73,1.45,28.38,9.66,45.18,30.25,53.47,58.16,6,20.11,3.55,40.23-2.59,60-6.74,21.6-18.18,40.6-32.73,57.8-26.66,31.49-60.5,52.14-99.14,65.5a258.38,258.38,0,0,1-71.95,14.09c-70.88,3.53-134-17-188.25-62.7-47.95-40.34-78-91.72-90.25-153.3A257.34,257.34,0,0,1,.09,262.11c1.58-60.49,21-114.65,58.9-161.83,37.09-46.17,84.59-76.7,141.87-91.82A260.73,260.73,0,0,1,280.5.33c58.08,2.85,110.09,22.32,155.26,58.88C485.91,99.8,517.54,152,530.56,215.3c4.08,19.81,5.39,39.87,5.21,60.06C535.76,276.08,535.64,276.81,535.56,277.65Z\"><\/path><\/g><\/g><\/g><\/svg>\t\t\t<\/a>\n\t\t<\/div>\n\t\t\t\t\t\t<\/div>\n\t\t\t\t<\/div>\n\t\t\t\t\t<\/div>\n\t\t<\/div>\n\t\t\t\t<div class=\"elementor-column elementor-col-33 elementor-top-column elementor-element elementor-element-1150b8d5\" data-id=\"1150b8d5\" data-element_type=\"column\" data-e-type=\"column\" data-settings=\"{&quot;background_background&quot;:&quot;classic&quot;}\">\n\t\t\t<div class=\"elementor-widget-wrap elementor-element-populated\">\n\t\t\t\t<div class=\"elementor-element elementor-element-155be939 elementor-hidden-mobile e-flex e-con-boxed e-con e-parent\" data-id=\"155be939\" data-element_type=\"container\" data-e-type=\"container\">\n\t\t\t\t\t<div class=\"e-con-inner\">\n\t\t\t\t<div class=\"elementor-element elementor-element-6d0ae990 elementor-align-right elementor-widget elementor-widget-button\" data-id=\"6d0ae990\" data-element_type=\"widget\" data-e-type=\"widget\" data-widget_type=\"button.default\">\n\t\t\t\t<div class=\"elementor-widget-container\">\n\t\t\t\t\t\t\t\t\t<div class=\"elementor-button-wrapper\">\n\t\t\t\t\t<a class=\"elementor-button elementor-button-link elementor-size-sm elementor-animation-sink\" href=\"https:\/\/christinasamira.com\/index.php\/about\/\">\n\t\t\t\t\t\t<span class=\"elementor-button-content-wrapper\">\n\t\t\t\t\t\t\t\t\t<span class=\"elementor-button-text\">About<\/span>\n\t\t\t\t\t<\/span>\n\t\t\t\t\t<\/a>\n\t\t\t\t<\/div>\n\t\t\t\t\t\t\t\t<\/div>\n\t\t\t\t<\/div>\n\t\t\t\t<div class=\"elementor-element elementor-element-1d6b1986 elementor-align-right elementor-widget elementor-widget-button\" data-id=\"1d6b1986\" data-element_type=\"widget\" data-e-type=\"widget\" data-widget_type=\"button.default\">\n\t\t\t\t<div class=\"elementor-widget-container\">\n\t\t\t\t\t\t\t\t\t<div class=\"elementor-button-wrapper\">\n\t\t\t\t\t<a class=\"elementor-button elementor-button-link elementor-size-sm elementor-animation-sink\" href=\"https:\/\/christinasamira.com\/index.php\/shop\/\">\n\t\t\t\t\t\t<span class=\"elementor-button-content-wrapper\">\n\t\t\t\t\t\t\t\t\t<span class=\"elementor-button-text\">shop<\/span>\n\t\t\t\t\t<\/span>\n\t\t\t\t\t<\/a>\n\t\t\t\t<\/div>\n\t\t\t\t\t\t\t\t<\/div>\n\t\t\t\t<\/div>\n\t\t\t\t<div class=\"elementor-element elementor-element-26e90983 elementor-align-right elementor-widget elementor-widget-button\" data-id=\"26e90983\" data-element_type=\"widget\" data-e-type=\"widget\" id=\"workshopbutton\" data-widget_type=\"button.default\">\n\t\t\t\t<div class=\"elementor-widget-container\">\n\t\t\t\t\t\t\t\t\t<div class=\"elementor-button-wrapper\">\n\t\t\t\t\t<a class=\"elementor-button elementor-button-link elementor-size-sm elementor-animation-sink\" href=\"https:\/\/christinasamira.com\/index.php\/workshops\/\">\n\t\t\t\t\t\t<span class=\"elementor-button-content-wrapper\">\n\t\t\t\t\t\t\t\t\t<span class=\"elementor-button-text\">workshop<\/span>\n\t\t\t\t\t<\/span>\n\t\t\t\t\t<\/a>\n\t\t\t\t<\/div>\n\t\t\t\t\t\t\t\t<\/div>\n\t\t\t\t<\/div>\n\t\t\t\t<div class=\"elementor-element elementor-element-75d29d29 elementor-align-right elementor-widget elementor-widget-button\" data-id=\"75d29d29\" data-element_type=\"widget\" data-e-type=\"widget\" data-widget_type=\"button.default\">\n\t\t\t\t<div class=\"elementor-widget-container\">\n\t\t\t\t\t\t\t\t\t<div class=\"elementor-button-wrapper\">\n\t\t\t\t\t<a class=\"elementor-button elementor-button-link elementor-size-sm elementor-animation-sink\" href=\"https:\/\/christinasamira.com\/index.php\/brennservice\/\">\n\t\t\t\t\t\t<span class=\"elementor-button-content-wrapper\">\n\t\t\t\t\t\t\t\t\t<span class=\"elementor-button-text\">brennservice<\/span>\n\t\t\t\t\t<\/span>\n\t\t\t\t\t<\/a>\n\t\t\t\t<\/div>\n\t\t\t\t\t\t\t\t<\/div>\n\t\t\t\t<\/div>\n\t\t\t\t<div class=\"elementor-element elementor-element-465269f7 elementor-align-right elementor-widget elementor-widget-button\" data-id=\"465269f7\" data-element_type=\"widget\" data-e-type=\"widget\" data-widget_type=\"button.default\">\n\t\t\t\t<div class=\"elementor-widget-container\">\n\t\t\t\t\t\t\t\t\t<div class=\"elementor-button-wrapper\">\n\t\t\t\t\t<a class=\"elementor-button elementor-button-link elementor-size-sm elementor-animation-sink\" href=\"https:\/\/christinasamira.com\/index.php\/vermietung\/\">\n\t\t\t\t\t\t<span class=\"elementor-button-content-wrapper\">\n\t\t\t\t\t\t\t\t\t<span class=\"elementor-button-text\">vermietung<\/span>\n\t\t\t\t\t<\/span>\n\t\t\t\t\t<\/a>\n\t\t\t\t<\/div>\n\t\t\t\t\t\t\t\t<\/div>\n\t\t\t\t<\/div>\n\t\t<div class=\"elementor-element elementor-element-2502ff06 e-con-full e-flex e-con e-child\" data-id=\"2502ff06\" data-element_type=\"container\" data-e-type=\"container\">\n\t\t\t\t<div class=\"elementor-element elementor-element-776cf2f2 elementor-widget__width-initial basket elementor-widget elementor-widget-woocommerce-menu-cart\" data-id=\"776cf2f2\" data-element_type=\"widget\" data-e-type=\"widget\" id=\"basket\" data-widget_type=\"woocommerce-menu-cart.default\">\n\t\t\t\t<div class=\"elementor-widget-container\">\n\t\t\t\t\t \t\t\t\t<\/div>\n\t\t\t\t<\/div>\n\t\t\t\t<\/div>\n\t\t\t\t\t<\/div>\n\t\t\t\t<\/div>\n\t\t\t\t<div class=\"elementor-element elementor-element-1cdd8e69 elementor-hidden-desktop elementor-hidden-tablet elementor-widget elementor-widget-nav-menu\" data-id=\"1cdd8e69\" data-element_type=\"widget\" data-e-type=\"widget\" id=\"burgermenu\" data-widget_type=\"nav-menu.default\">\n\t\t\t\t<div class=\"elementor-widget-container\">\n\t\t\t\t\t \t\t\t\t<\/div>\n\t\t\t\t<\/div>\n\t\t\t\t\t<\/div>\n\t\t<\/div>\n\t\t\t\t\t<\/div>\n\t\t<\/header>\n\t\t<div class=\"elementor-element elementor-element-317fdd4a e-con-full e-flex e-con e-parent\" data-id=\"317fdd4a\" data-element_type=\"container\" data-e-type=\"container\">\n\t\t<div class=\"elementor-element elementor-element-e1c936a e-con-full e-flex e-con e-child\" data-id=\"e1c936a\" data-element_type=\"container\" data-e-type=\"container\">\n\t\t<div class=\"elementor-element elementor-element-a4f15ef e-con-full e-flex e-con e-child\" data-id=\"a4f15ef\" data-element_type=\"container\" data-e-type=\"container\">\n\t\t\t\t<div class=\"elementor-element elementor-element-324b395 elementor-invisible elementor-widget elementor-widget-heading\" data-id=\"324b395\" data-element_type=\"widget\" data-e-type=\"widget\" data-settings=\"{&quot;_animation&quot;:&quot;fadeIn&quot;}\" data-widget_type=\"heading.default\">\n\t\t\t\t<div class=\"elementor-widget-container\">\n\t\t\t\t\t<h1 class=\"elementor-heading-title elementor-size-default\">Brennservice<\/h1>\t\t\t\t<\/div>\n\t\t\t\t<\/div>\n\t\t\t\t<div class=\"elementor-element elementor-element-d64f87e elementor-widget__width-initial elementor-widget elementor-widget-text-editor\" data-id=\"d64f87e\" data-element_type=\"widget\" data-e-type=\"widget\" data-widget_type=\"text-editor.default\">\n\t\t\t\t<div class=\"elementor-widget-container\">\n\t\t\t\t\t\t\t\t\t<p>Bring deine T\u00f6pferst\u00fccke zum Brennen vorbei (Einzelst\u00fccke und Zuhause-Get\u00f6pfertes).<br \/>Bitte darauf achten, dass die T\u00f6pferware vor der \u00dcbergabe gut getrocknet wurde und du Informationen zu Brenntemperaturempfehlungen der Ton-HerstellerInnen hast.<\/p><p>Folgende Brenntemperaturen werden in einem E-Ofen angeboten:<\/p>\t\t\t\t\t\t\t\t<\/div>\n\t\t\t\t<\/div>\n\t\t\t\t<div class=\"elementor-element elementor-element-facdc67 elementor-widget__width-initial elementor-widget elementor-widget-text-editor\" data-id=\"facdc67\" data-element_type=\"widget\" data-e-type=\"widget\" data-widget_type=\"text-editor.default\">\n\t\t\t\t<div class=\"elementor-widget-container\">\n\t\t\t\t\t\t\t\t\t<p>&#8211; Rohbrand bei 950 Grad (Kosten: 10 Euro\/kg)<br \/>&#8211; Glasurbrand bei 1230 Grad (Kosten: 16 Euro\/kg)<\/p>\t\t\t\t\t\t\t\t<\/div>\n\t\t\t\t<\/div>\n\t\t\t\t<div class=\"elementor-element elementor-element-00f229a elementor-widget__width-initial elementor-widget elementor-widget-text-editor\" data-id=\"00f229a\" data-element_type=\"widget\" data-e-type=\"widget\" data-widget_type=\"text-editor.default\">\n\t\t\t\t<div class=\"elementor-widget-container\">\n\t\t\t\t\t\t\t\t\t<p>Wenn du den ganzen Ofen mietest kann die gew\u00fcnschte Temperatur variieren und die Brennkurve selbst eingestellt werden. (Ofenmiete: 75 Euro)<\/p>\t\t\t\t\t\t\t\t<\/div>\n\t\t\t\t<\/div>\n\t\t\t\t<div class=\"elementor-element elementor-element-5d139a3 elementor-widget__width-initial elementor-widget elementor-widget-text-editor\" data-id=\"5d139a3\" data-element_type=\"widget\" data-e-type=\"widget\" data-widget_type=\"text-editor.default\">\n\t\t\t\t<div class=\"elementor-widget-container\">\n\t\t\t\t\t\t\t\t\t<p>Wir \u00fcbernehmen keine Haftung f\u00fcr Sch\u00e4den durch das Brennen an deinen St\u00fccken. Wenn durch die Glasur deiner Werkst\u00fccke die Brennplatten besch\u00e4digt werden oder falls der Brennofen Sch\u00e4den w\u00e4hrend dem Brennvorgang davontr\u00e4gt, sind die dadurch entstanden Kosten von Dir zu \u00fcbernehmen.<\/p>\t\t\t\t\t\t\t\t<\/div>\n\t\t\t\t<\/div>\n\t\t\t\t<div class=\"elementor-element elementor-element-4dcedc3 elementor-widget elementor-widget-button\" data-id=\"4dcedc3\" data-element_type=\"widget\" data-e-type=\"widget\" data-widget_type=\"button.default\">\n\t\t\t\t<div class=\"elementor-widget-container\">\n\t\t\t\t\t\t\t\t\t<div class=\"elementor-button-wrapper\">\n\t\t\t\t\t<a class=\"elementor-button elementor-button-link elementor-size-xs\" href=\"mailto:hallo@christinasamira.com\">\n\t\t\t\t\t\t<span class=\"elementor-button-content-wrapper\">\n\t\t\t\t\t\t\t\t\t<span class=\"elementor-button-text\">Schreib mir<\/span>\n\t\t\t\t\t<\/span>\n\t\t\t\t\t<\/a>\n\t\t\t\t<\/div>\n\t\t\t\t\t\t\t\t<\/div>\n\t\t\t\t<\/div>\n\t\t\t\t<\/div>\n\t\t\t\t<div class=\"elementor-element elementor-element-4282e48e elementor-widget__width-initial elementor-widget elementor-widget-image\" data-id=\"4282e48e\" data-element_type=\"widget\" data-e-type=\"widget\" data-widget_type=\"image.default\">\n\t\t\t\t<div class=\"elementor-widget-container\">\n\t\t\t\t\t\t\t\t\t\t\t\t\t\t\t<img fetchpriority=\"high\" decoding=\"async\" width=\"762\" height=\"1024\" src=\"https:\/\/christinasamira.com\/wp-content\/uploads\/2023\/10\/60510021-762x1024.jpg\" class=\"attachment-large size-large wp-image-2445\" alt=\"\" srcset=\"https:\/\/christinasamira.com\/wp-content\/uploads\/2023\/10\/60510021-762x1024.jpg 762w, https:\/\/christinasamira.com\/wp-content\/uploads\/2023\/10\/60510021-223x300.jpg 223w, https:\/\/christinasamira.com\/wp-content\/uploads\/2023\/10\/60510021-768x1032.jpg 768w, https:\/\/christinasamira.com\/wp-content\/uploads\/2023\/10\/60510021-1143x1536.jpg 1143w, https:\/\/christinasamira.com\/wp-content\/uploads\/2023\/10\/60510021-1524x2048.jpg 1524w, https:\/\/christinasamira.com\/wp-content\/uploads\/2023\/10\/60510021-600x806.jpg 600w, https:\/\/christinasamira.com\/wp-content\/uploads\/2023\/10\/60510021-scaled.jpg 1905w\" sizes=\"(max-width: 762px) 100vw, 762px\" \/>\t\t\t\t\t\t\t\t\t\t\t\t\t\t\t<\/div>\n\t\t\t\t<\/div>\n\t\t\t\t<\/div>\n\t\t\t\t<\/div>\n\t\t<div class=\"elementor-element elementor-element-7e164484 e-con-full e-flex e-con e-parent\" data-id=\"7e164484\" data-element_type=\"container\" data-e-type=\"container\">\n\t\t<div class=\"elementor-element elementor-element-4325efa4 e-con-full e-flex e-con e-child\" data-id=\"4325efa4\" data-element_type=\"container\" data-e-type=\"container\">\n\t\t\t\t<div class=\"elementor-element elementor-element-4c5c092f elementor-widget elementor-widget-image\" data-id=\"4c5c092f\" data-element_type=\"widget\" data-e-type=\"widget\" data-widget_type=\"image.default\">\n\t\t\t\t<div class=\"elementor-widget-container\">\n\t\t\t\t\t\t\t\t\t\t\t\t\t\t\t<img decoding=\"async\" width=\"144\" height=\"161\" src=\"https:\/\/christinasamira.com\/wp-content\/uploads\/2022\/03\/Element-2.svg\" class=\"attachment-large size-large wp-image-553\" alt=\"\" \/>\t\t\t\t\t\t\t\t\t\t\t\t\t\t\t<\/div>\n\t\t\t\t<\/div>\n\t\t\t\t<\/div>\n\t\t<div class=\"elementor-element elementor-element-3c774410 e-con-full e-flex e-con e-child\" data-id=\"3c774410\" data-element_type=\"container\" data-e-type=\"container\">\n\t\t\t\t<div class=\"elementor-element elementor-element-a6a8bce elementor-widget elementor-widget-text-editor\" data-id=\"a6a8bce\" data-element_type=\"widget\" data-e-type=\"widget\" data-widget_type=\"text-editor.default\">\n\t\t\t\t<div class=\"elementor-widget-container\">\n\t\t\t\t\t\t\t\t\t<p><strong>Contact<\/strong><\/p><p>Christina Samira<\/p><p>Panholzer<\/p><p>+43 6641379961<\/p><p><a href=\"mailto:hallo@christinasamira.com\">hallo@christinasamira.com<\/a><\/p>\t\t\t\t\t\t\t\t<\/div>\n\t\t\t\t<\/div>\n\t\t\t\t<\/div>\n\t\t<div class=\"elementor-element elementor-element-69f4eb0d e-con-full e-flex e-con e-child\" data-id=\"69f4eb0d\" data-element_type=\"container\" data-e-type=\"container\">\n\t\t\t\t<div class=\"elementor-element elementor-element-3f2d0f4b elementor-widget elementor-widget-text-editor\" data-id=\"3f2d0f4b\" data-element_type=\"widget\" data-e-type=\"widget\" data-widget_type=\"text-editor.default\">\n\t\t\t\t<div class=\"elementor-widget-container\">\n\t\t\t\t\t\t\t\t\t<p><a href=\"https:\/\/christinasamira.com\/index.php\/impressum\/\">Impressum<\/a><\/p>\t\t\t\t\t\t\t\t<\/div>\n\t\t\t\t<\/div>\n\t\t\t\t<div class=\"elementor-element elementor-element-21938ed9 elementor-widget elementor-widget-text-editor\" data-id=\"21938ed9\" data-element_type=\"widget\" data-e-type=\"widget\" data-widget_type=\"text-editor.default\">\n\t\t\t\t<div class=\"elementor-widget-container\">\n\t\t\t\t\t\t\t\t\t<p><a href=\"https:\/\/christinasamira.com\/index.php\/datenschutz\/\">Datenschutz<\/a><\/p>\t\t\t\t\t\t\t\t<\/div>\n\t\t\t\t<\/div>\n\t\t\t\t<div class=\"elementor-element elementor-element-3fdb8779 elementor-widget elementor-widget-text-editor\" data-id=\"3fdb8779\" data-element_type=\"widget\" data-e-type=\"widget\" data-widget_type=\"text-editor.default\">\n\t\t\t\t<div class=\"elementor-widget-container\">\n\t\t\t\t\t\t\t\t\t<p><a href=\"https:\/\/christinasamira.com\/index.php\/versand\/\">Versand<\/a><\/p>\t\t\t\t\t\t\t\t<\/div>\n\t\t\t\t<\/div>\n\t\t\t\t<div class=\"elementor-element elementor-element-6d6068d1 elementor-widget elementor-widget-text-editor\" data-id=\"6d6068d1\" data-element_type=\"widget\" data-e-type=\"widget\" data-widget_type=\"text-editor.default\">\n\t\t\t\t<div class=\"elementor-widget-container\">\n\t\t\t\t\t\t\t\t\t<p><a href=\"https:\/\/christinasamira.com\/index.php\/agbs\/\">AGB<\/a><\/p>\t\t\t\t\t\t\t\t<\/div>\n\t\t\t\t<\/div>\n\t\t\t\t<\/div>\n\t\t<div class=\"elementor-element elementor-element-50e7430a e-con-full e-flex e-con e-child\" data-id=\"50e7430a\" data-element_type=\"container\" data-e-type=\"container\">\n\t\t\t\t<div class=\"elementor-element elementor-element-70341373 elementor-widget elementor-widget-text-editor\" data-id=\"70341373\" data-element_type=\"widget\" data-e-type=\"widget\" data-widget_type=\"text-editor.default\">\n\t\t\t\t<div class=\"elementor-widget-container\">\n\t\t\t\t\t\t\t\t\t<p><strong>Social Media<\/strong><\/p>\t\t\t\t\t\t\t\t<\/div>\n\t\t\t\t<\/div>\n\t\t\t\t<div class=\"elementor-element elementor-element-7a8b4657 elementor-shape-square e-grid-align-left e-grid-align-tablet-left elementor-grid-2 elementor-widget elementor-widget-social-icons\" data-id=\"7a8b4657\" data-element_type=\"widget\" data-e-type=\"widget\" data-widget_type=\"social-icons.default\">\n\t\t\t\t<div class=\"elementor-widget-container\">\n\t\t\t\t\t\t\t<div class=\"elementor-social-icons-wrapper elementor-grid\" role=\"list\">\n\t\t\t\t\t\t\t<span class=\"elementor-grid-item\" role=\"listitem\">\n\t\t\t\t\t<a class=\"elementor-icon elementor-social-icon elementor-social-icon-instagram elementor-repeater-item-a6118d0\" href=\"https:\/\/www.instagram.com\/christinasamira_p\/\" target=\"_blank\">\n\t\t\t\t\t\t<span class=\"elementor-screen-only\">Instagram<\/span>\n\t\t\t\t\t\t<svg aria-hidden=\"true\" class=\"e-font-icon-svg e-fab-instagram\" viewBox=\"0 0 448 512\" xmlns=\"http:\/\/www.w3.org\/2000\/svg\"><path d=\"M224.1 141c-63.6 0-114.9 51.3-114.9 114.9s51.3 114.9 114.9 114.9S339 319.5 339 255.9 287.7 141 224.1 141zm0 189.6c-41.1 0-74.7-33.5-74.7-74.7s33.5-74.7 74.7-74.7 74.7 33.5 74.7 74.7-33.6 74.7-74.7 74.7zm146.4-194.3c0 14.9-12 26.8-26.8 26.8-14.9 0-26.8-12-26.8-26.8s12-26.8 26.8-26.8 26.8 12 26.8 26.8zm76.1 27.2c-1.7-35.9-9.9-67.7-36.2-93.9-26.2-26.2-58-34.4-93.9-36.2-37-2.1-147.9-2.1-184.9 0-35.8 1.7-67.6 9.9-93.9 36.1s-34.4 58-36.2 93.9c-2.1 37-2.1 147.9 0 184.9 1.7 35.9 9.9 67.7 36.2 93.9s58 34.4 93.9 36.2c37 2.1 147.9 2.1 184.9 0 35.9-1.7 67.7-9.9 93.9-36.2 26.2-26.2 34.4-58 36.2-93.9 2.1-37 2.1-147.8 0-184.8zM398.8 388c-7.8 19.6-22.9 34.7-42.6 42.6-29.5 11.7-99.5 9-132.1 9s-102.7 2.6-132.1-9c-19.6-7.8-34.7-22.9-42.6-42.6-11.7-29.5-9-99.5-9-132.1s-2.6-102.7 9-132.1c7.8-19.6 22.9-34.7 42.6-42.6 29.5-11.7 99.5-9 132.1-9s102.7-2.6 132.1 9c19.6 7.8 34.7 22.9 42.6 42.6 11.7 29.5 9 99.5 9 132.1s2.7 102.7-9 132.1z\"><\/path><\/svg>\t\t\t\t\t<\/a>\n\t\t\t\t<\/span>\n\t\t\t\t\t\t\t<span class=\"elementor-grid-item\" role=\"listitem\">\n\t\t\t\t\t<a class=\"elementor-icon elementor-social-icon elementor-social-icon-envelope elementor-repeater-item-b28a6b8\" href=\"mailto:hallo@christinasamira.com\" target=\"_blank\">\n\t\t\t\t\t\t<span class=\"elementor-screen-only\">Envelope<\/span>\n\t\t\t\t\t\t<svg aria-hidden=\"true\" class=\"e-font-icon-svg e-fas-envelope\" viewBox=\"0 0 512 512\" xmlns=\"http:\/\/www.w3.org\/2000\/svg\"><path d=\"M502.3 190.8c3.9-3.1 9.7-.2 9.7 4.7V400c0 26.5-21.5 48-48 48H48c-26.5 0-48-21.5-48-48V195.6c0-5 5.7-7.8 9.7-4.7 22.4 17.4 52.1 39.5 154.1 113.6 21.1 15.4 56.7 47.8 92.2 47.6 35.7.3 72-32.8 92.3-47.6 102-74.1 131.6-96.3 154-113.7zM256 320c23.2.4 56.6-29.2 73.4-41.4 132.7-96.3 142.8-104.7 173.4-128.7 5.8-4.5 9.2-11.5 9.2-18.9v-19c0-26.5-21.5-48-48-48H48C21.5 64 0 85.5 0 112v19c0 7.4 3.4 14.3 9.2 18.9 30.6 23.9 40.7 32.4 173.4 128.7 16.8 12.2 50.2 41.8 73.4 41.4z\"><\/path><\/svg>\t\t\t\t\t<\/a>\n\t\t\t\t<\/span>\n\t\t\t\t\t<\/div>\n\t\t\t\t\t\t<\/div>\n\t\t\t\t<\/div>\n\t\t\t\t<\/div>\n\t\t<div class=\"elementor-element elementor-element-499f6395 e-con-full e-flex e-con e-child\" data-id=\"499f6395\" data-element_type=\"container\" data-e-type=\"container\">\n\t\t\t\t<div class=\"elementor-element elementor-element-4813adb elementor-hidden-tablet elementor-hidden-mobile elementor-widget elementor-widget-heading\" data-id=\"4813adb\" data-element_type=\"widget\" data-e-type=\"widget\" data-widget_type=\"heading.default\">\n\t\t\t\t<div class=\"elementor-widget-container\">\n\t\t\t\t\t<p class=\"elementor-heading-title elementor-size-default\">\u00a9 2022 Christina Panholzer. All Rights Reserved.<\/p>\t\t\t\t<\/div>\n\t\t\t\t<\/div>\n\t\t\t\t<\/div>\n\t\t\t\t<\/div>\n\t\t\t\t<\/div>\n\t\t","protected":false},"excerpt":{"rendered":"<p>About shop workshop brennservice vermietung EN Brennservice Bring deine T\u00f6pferst\u00fccke zum Brennen vorbei (Einzelst\u00fccke und Zuhause-Get\u00f6pfertes).Bitte darauf achten, dass die T\u00f6pferware vor der \u00dcbergabe gut getrocknet wurde und du Informationen zu Brenntemperaturempfehlungen der Ton-HerstellerInnen hast. Folgende Brenntemperaturen werden in einem E-Ofen angeboten: &#8211; Rohbrand bei 950 Grad (Kosten: 10 Euro\/kg)&#8211; Glasurbrand bei 1230 Grad (Kosten: [&hellip;]<\/p>\n","protected":false},"author":1,"featured_media":0,"parent":0,"menu_order":0,"comment_status":"closed","ping_status":"closed","template":"","meta":{"footnotes":""},"class_list":["post-2441","page","type-page","status-publish","hentry"],"_links":{"self":[{"href":"https:\/\/christinasamira.com\/index.php\/wp-json\/wp\/v2\/pages\/2441","targetHints":{"allow":["GET"]}}],"collection":[{"href":"https:\/\/christinasamira.com\/index.php\/wp-json\/wp\/v2\/pages"}],"about":[{"href":"https:\/\/christinasamira.com\/index.php\/wp-json\/wp\/v2\/types\/page"}],"author":[{"embeddable":true,"href":"https:\/\/christinasamira.com\/index.php\/wp-json\/wp\/v2\/users\/1"}],"replies":[{"embeddable":true,"href":"https:\/\/christinasamira.com\/index.php\/wp-json\/wp\/v2\/comments?post=2441"}],"version-history":[{"count":22,"href":"https:\/\/christinasamira.com\/index.php\/wp-json\/wp\/v2\/pages\/2441\/revisions"}],"predecessor-version":[{"id":2627,"href":"https:\/\/christinasamira.com\/index.php\/wp-json\/wp\/v2\/pages\/2441\/revisions\/2627"}],"wp:attachment":[{"href":"https:\/\/christinasamira.com\/index.php\/wp-json\/wp\/v2\/media?parent=2441"}],"curies":[{"name":"wp","href":"https:\/\/api.w.org\/{rel}","templated":true}]}}