{"id":406,"date":"2022-03-14T12:22:31","date_gmt":"2022-03-14T12:22:31","guid":{"rendered":"https:\/\/christinasamira.com\/index.php\/chrissi-about\/"},"modified":"2024-02-19T15:27:29","modified_gmt":"2024-02-19T15:27:29","slug":"about","status":"publish","type":"page","link":"https:\/\/christinasamira.com\/index.php\/about\/","title":{"rendered":"about"},"content":{"rendered":"\t\t<div data-elementor-type=\"wp-page\" data-elementor-id=\"406\" class=\"elementor elementor-406\">\n\t\t\t\t\t\t<header class=\"elementor-section elementor-top-section elementor-element elementor-element-24a4a687 elementor-section-full_width elementor-section-height-min-height elementor-section-content-middle elementor-section-stretched elementor-section-height-default elementor-section-items-middle\" data-id=\"24a4a687\" data-element_type=\"section\" data-e-type=\"section\" data-settings=\"{&quot;stretch_section&quot;:&quot;section-stretched&quot;,&quot;background_background&quot;:&quot;classic&quot;}\">\n\t\t\t\t\t\t<div class=\"elementor-container elementor-column-gap-default\">\n\t\t\t\t\t<div class=\"elementor-column elementor-col-33 elementor-top-column elementor-element elementor-element-2639ae35 elementor-hidden-mobile\" data-id=\"2639ae35\" data-element_type=\"column\" data-e-type=\"column\" id=\"headerName\">\n\t\t\t<div class=\"elementor-widget-wrap elementor-element-populated\">\n\t\t\t\t\t\t<div class=\"elementor-element elementor-element-faeb681 elementor-widget elementor-widget-image\" data-id=\"faeb681\" data-element_type=\"widget\" data-e-type=\"widget\" data-widget_type=\"image.default\">\n\t\t\t\t<div class=\"elementor-widget-container\">\n\t\t\t\t\t\t\t\t\t\t\t\t\t\t\t\t<a href=\"https:\/\/christinasamira.com\/index.php\/index\/\">\n\t\t\t\t\t\t\t<img decoding=\"async\" width=\"268\" height=\"28\" src=\"https:\/\/christinasamira.com\/wp-content\/uploads\/2022\/03\/Element-2-1.svg\" class=\"attachment-large size-large wp-image-855\" alt=\"\" \/>\t\t\t\t\t\t\t\t<\/a>\n\t\t\t\t\t\t\t\t\t\t\t\t\t\t\t<\/div>\n\t\t\t\t<\/div>\n\t\t\t\t\t<\/div>\n\t\t<\/div>\n\t\t\t\t<div class=\"elementor-column elementor-col-33 elementor-top-column elementor-element elementor-element-3533270e\" data-id=\"3533270e\" data-element_type=\"column\" data-e-type=\"column\">\n\t\t\t<div class=\"elementor-widget-wrap elementor-element-populated\">\n\t\t\t\t\t\t<div class=\"elementor-element elementor-element-40a52732 e-transform elementor-view-default elementor-widget elementor-widget-icon\" data-id=\"40a52732\" data-element_type=\"widget\" data-e-type=\"widget\" data-settings=\"{&quot;_transform_rotateZ_effect_hover&quot;:{&quot;unit&quot;:&quot;px&quot;,&quot;size&quot;:-12,&quot;sizes&quot;:[]},&quot;_transform_rotateZ_effect_hover_tablet&quot;:{&quot;unit&quot;:&quot;deg&quot;,&quot;size&quot;:&quot;&quot;,&quot;sizes&quot;:[]},&quot;_transform_rotateZ_effect_hover_mobile&quot;:{&quot;unit&quot;:&quot;deg&quot;,&quot;size&quot;:&quot;&quot;,&quot;sizes&quot;:[]}}\" data-widget_type=\"icon.default\">\n\t\t\t\t<div class=\"elementor-widget-container\">\n\t\t\t\t\t\t\t<div class=\"elementor-icon-wrapper\">\n\t\t\t<a class=\"elementor-icon\" href=\"https:\/\/christinasamira.com\/index.php\/index\/\">\n\t\t\t<svg xmlns=\"http:\/\/www.w3.org\/2000\/svg\" viewBox=\"0 0 535.78 535.58\"><g id=\"Ebene_2\" data-name=\"Ebene 2\"><g id=\"Ebene_1-2\" data-name=\"Ebene 1\"><g id=\"wyUK8x.tif\"><path d=\"M535.56,277.65H516.18c0-3.57,0-7.12,0-10.66-.09-24.79-3.36-49.15-11-72.72Q470.21,87.35,367.79,40.48a226.78,226.78,0,0,0-71.41-19.3C226.7,14,164.19,31.89,110,76.38c-44.37,36.39-72.57,83.12-84.89,139.2a243.33,243.33,0,0,0-4.81,70.47C24,336.91,41.65,382.43,73.4,422.18Q130,493,219.08,511.35a242.25,242.25,0,0,0,64.32,4.39c40.57-2.6,78.43-14.11,113.06-35.47A174.31,174.31,0,0,0,458,416.46c7.66-13.68,13.07-28.21,14.93-43.86,3.24-27.21-5.5-49.66-27.17-66.68-8.55-6.73-18.7-9.57-29.4-10.61-18.14-1.78-35.45,2.3-52.24,8.39-14,5.06-27.53,11.21-41.25,16.91-17.56,7.3-35.55,13.16-54.41,16-22.1,3.3-44,2.74-64.57-6.9C178.5,317.8,162.88,297.92,158.46,270c-7.17-45.32,17.09-91.2,60.53-111.79,17.19-8.14,35.24-12.58,54.34-11.53,27.62,1.53,51.61,11.84,71.89,30.69,2.07,1.92,4,3.93,6.44,6.26l-14.59,13.05c-1.27-1.21-3.32-3.13-5.36-5.07-15.73-14.9-34.44-23.45-56-25.14-27.15-2.12-50.91,6.67-71,24.75-16.2,14.59-25.22,33.19-27.58,54.93-1.38,12.73-.21,25.21,5.28,36.84,8.56,18.15,23.31,28.81,42.58,33.48,15.61,3.77,31.24,2.75,46.81-.24,19.05-3.66,37-10.5,54.63-18.51,18.11-8.24,36.59-15.55,56.19-19.46,18-3.6,36-4.6,53.73,1.45,28.38,9.66,45.18,30.25,53.47,58.16,6,20.11,3.55,40.23-2.59,60-6.74,21.6-18.18,40.6-32.73,57.8-26.66,31.49-60.5,52.14-99.14,65.5a258.38,258.38,0,0,1-71.95,14.09c-70.88,3.53-134-17-188.25-62.7-47.95-40.34-78-91.72-90.25-153.3A257.34,257.34,0,0,1,.09,262.11c1.58-60.49,21-114.65,58.9-161.83,37.09-46.17,84.59-76.7,141.87-91.82A260.73,260.73,0,0,1,280.5.33c58.08,2.85,110.09,22.32,155.26,58.88C485.91,99.8,517.54,152,530.56,215.3c4.08,19.81,5.39,39.87,5.21,60.06C535.76,276.08,535.64,276.81,535.56,277.65Z\"><\/path><\/g><\/g><\/g><\/svg>\t\t\t<\/a>\n\t\t<\/div>\n\t\t\t\t\t\t<\/div>\n\t\t\t\t<\/div>\n\t\t\t\t\t<\/div>\n\t\t<\/div>\n\t\t\t\t<div class=\"elementor-column elementor-col-33 elementor-top-column elementor-element elementor-element-10e3979b\" data-id=\"10e3979b\" data-element_type=\"column\" data-e-type=\"column\" data-settings=\"{&quot;background_background&quot;:&quot;classic&quot;}\">\n\t\t\t<div class=\"elementor-widget-wrap elementor-element-populated\">\n\t\t\t\t<div class=\"elementor-element elementor-element-4bb929b2 elementor-hidden-mobile e-flex e-con-boxed e-con e-parent\" data-id=\"4bb929b2\" data-element_type=\"container\" data-e-type=\"container\">\n\t\t\t\t\t<div class=\"e-con-inner\">\n\t\t\t\t<div class=\"elementor-element elementor-element-33e9641d elementor-align-right elementor-widget elementor-widget-button\" data-id=\"33e9641d\" data-element_type=\"widget\" data-e-type=\"widget\" data-widget_type=\"button.default\">\n\t\t\t\t<div class=\"elementor-widget-container\">\n\t\t\t\t\t\t\t\t\t<div class=\"elementor-button-wrapper\">\n\t\t\t\t\t<a class=\"elementor-button elementor-button-link elementor-size-sm elementor-animation-sink\" href=\"https:\/\/christinasamira.com\/index.php\/about\/\">\n\t\t\t\t\t\t<span class=\"elementor-button-content-wrapper\">\n\t\t\t\t\t\t\t\t\t<span class=\"elementor-button-text\">About<\/span>\n\t\t\t\t\t<\/span>\n\t\t\t\t\t<\/a>\n\t\t\t\t<\/div>\n\t\t\t\t\t\t\t\t<\/div>\n\t\t\t\t<\/div>\n\t\t\t\t<div class=\"elementor-element elementor-element-150f0390 elementor-align-right elementor-widget elementor-widget-button\" data-id=\"150f0390\" data-element_type=\"widget\" data-e-type=\"widget\" data-widget_type=\"button.default\">\n\t\t\t\t<div class=\"elementor-widget-container\">\n\t\t\t\t\t\t\t\t\t<div class=\"elementor-button-wrapper\">\n\t\t\t\t\t<a class=\"elementor-button elementor-button-link elementor-size-sm elementor-animation-sink\" href=\"https:\/\/christinasamira.com\/index.php\/shop\/\">\n\t\t\t\t\t\t<span class=\"elementor-button-content-wrapper\">\n\t\t\t\t\t\t\t\t\t<span class=\"elementor-button-text\">shop<\/span>\n\t\t\t\t\t<\/span>\n\t\t\t\t\t<\/a>\n\t\t\t\t<\/div>\n\t\t\t\t\t\t\t\t<\/div>\n\t\t\t\t<\/div>\n\t\t\t\t<div class=\"elementor-element elementor-element-15f83043 elementor-align-right elementor-widget elementor-widget-button\" data-id=\"15f83043\" data-element_type=\"widget\" data-e-type=\"widget\" id=\"workshopbutton\" data-widget_type=\"button.default\">\n\t\t\t\t<div class=\"elementor-widget-container\">\n\t\t\t\t\t\t\t\t\t<div class=\"elementor-button-wrapper\">\n\t\t\t\t\t<a class=\"elementor-button elementor-button-link elementor-size-sm elementor-animation-sink\" href=\"https:\/\/christinasamira.com\/index.php\/workshops\/\">\n\t\t\t\t\t\t<span class=\"elementor-button-content-wrapper\">\n\t\t\t\t\t\t\t\t\t<span class=\"elementor-button-text\">workshop<\/span>\n\t\t\t\t\t<\/span>\n\t\t\t\t\t<\/a>\n\t\t\t\t<\/div>\n\t\t\t\t\t\t\t\t<\/div>\n\t\t\t\t<\/div>\n\t\t\t\t<div class=\"elementor-element elementor-element-1efd02d7 elementor-align-right elementor-widget elementor-widget-button\" data-id=\"1efd02d7\" data-element_type=\"widget\" data-e-type=\"widget\" data-widget_type=\"button.default\">\n\t\t\t\t<div class=\"elementor-widget-container\">\n\t\t\t\t\t\t\t\t\t<div class=\"elementor-button-wrapper\">\n\t\t\t\t\t<a class=\"elementor-button elementor-button-link elementor-size-sm elementor-animation-sink\" href=\"https:\/\/christinasamira.com\/index.php\/brennservice\/\">\n\t\t\t\t\t\t<span class=\"elementor-button-content-wrapper\">\n\t\t\t\t\t\t\t\t\t<span class=\"elementor-button-text\">brennservice<\/span>\n\t\t\t\t\t<\/span>\n\t\t\t\t\t<\/a>\n\t\t\t\t<\/div>\n\t\t\t\t\t\t\t\t<\/div>\n\t\t\t\t<\/div>\n\t\t\t\t<div class=\"elementor-element elementor-element-4ae4245f elementor-align-right elementor-widget elementor-widget-button\" data-id=\"4ae4245f\" data-element_type=\"widget\" data-e-type=\"widget\" data-widget_type=\"button.default\">\n\t\t\t\t<div class=\"elementor-widget-container\">\n\t\t\t\t\t\t\t\t\t<div class=\"elementor-button-wrapper\">\n\t\t\t\t\t<a class=\"elementor-button elementor-button-link elementor-size-sm elementor-animation-sink\" href=\"https:\/\/christinasamira.com\/index.php\/vermietung\/\">\n\t\t\t\t\t\t<span class=\"elementor-button-content-wrapper\">\n\t\t\t\t\t\t\t\t\t<span class=\"elementor-button-text\">vermietung<\/span>\n\t\t\t\t\t<\/span>\n\t\t\t\t\t<\/a>\n\t\t\t\t<\/div>\n\t\t\t\t\t\t\t\t<\/div>\n\t\t\t\t<\/div>\n\t\t<div class=\"elementor-element elementor-element-1dbd07ec e-con-full e-flex e-con e-child\" data-id=\"1dbd07ec\" data-element_type=\"container\" data-e-type=\"container\">\n\t\t\t\t<div class=\"elementor-element elementor-element-5770246b elementor-widget__width-initial basket elementor-widget elementor-widget-woocommerce-menu-cart\" data-id=\"5770246b\" data-element_type=\"widget\" data-e-type=\"widget\" id=\"basket\" data-widget_type=\"woocommerce-menu-cart.default\">\n\t\t\t\t<div class=\"elementor-widget-container\">\n\t\t\t\t\t \t\t\t\t<\/div>\n\t\t\t\t<\/div>\n\t\t\t\t<\/div>\n\t\t\t\t\t<\/div>\n\t\t\t\t<\/div>\n\t\t\t\t<div class=\"elementor-element elementor-element-43bb1192 elementor-hidden-desktop elementor-hidden-tablet elementor-widget elementor-widget-nav-menu\" data-id=\"43bb1192\" data-element_type=\"widget\" data-e-type=\"widget\" id=\"burgermenu\" data-widget_type=\"nav-menu.default\">\n\t\t\t\t<div class=\"elementor-widget-container\">\n\t\t\t\t\t \t\t\t\t<\/div>\n\t\t\t\t<\/div>\n\t\t\t\t\t<\/div>\n\t\t<\/div>\n\t\t\t\t\t<\/div>\n\t\t<\/header>\n\t\t<div class=\"elementor-element elementor-element-adfcae e-con-full e-flex e-con e-parent\" data-id=\"adfcae\" data-element_type=\"container\" data-e-type=\"container\">\n\t\t<div class=\"elementor-element elementor-element-32ce88ee e-con-full e-flex e-con e-child\" data-id=\"32ce88ee\" data-element_type=\"container\" data-e-type=\"container\">\n\t\t\t\t<div class=\"elementor-element elementor-element-7db413d8 elementor-widget__width-initial elementor-widget elementor-widget-image\" data-id=\"7db413d8\" data-element_type=\"widget\" data-e-type=\"widget\" data-widget_type=\"image.default\">\n\t\t\t\t<div class=\"elementor-widget-container\">\n\t\t\t\t\t\t\t\t\t\t\t\t\t\t\t<img fetchpriority=\"high\" decoding=\"async\" width=\"700\" height=\"1024\" src=\"https:\/\/christinasamira.com\/wp-content\/uploads\/2024\/02\/60510005-700x1024.jpg\" class=\"attachment-large size-large wp-image-2395\" alt=\"\" srcset=\"https:\/\/christinasamira.com\/wp-content\/uploads\/2024\/02\/60510005-700x1024.jpg 700w, https:\/\/christinasamira.com\/wp-content\/uploads\/2024\/02\/60510005-205x300.jpg 205w, https:\/\/christinasamira.com\/wp-content\/uploads\/2024\/02\/60510005-768x1124.jpg 768w, https:\/\/christinasamira.com\/wp-content\/uploads\/2024\/02\/60510005-1049x1536.jpg 1049w, https:\/\/christinasamira.com\/wp-content\/uploads\/2024\/02\/60510005-1399x2048.jpg 1399w, https:\/\/christinasamira.com\/wp-content\/uploads\/2024\/02\/60510005-600x878.jpg 600w, https:\/\/christinasamira.com\/wp-content\/uploads\/2024\/02\/60510005-scaled.jpg 1749w\" sizes=\"(max-width: 700px) 100vw, 700px\" \/>\t\t\t\t\t\t\t\t\t\t\t\t\t\t\t<\/div>\n\t\t\t\t<\/div>\n\t\t\t\t<div class=\"elementor-element elementor-element-31a2b749 elementor-widget__width-initial elementor-widget elementor-widget-text-editor\" data-id=\"31a2b749\" data-element_type=\"widget\" data-e-type=\"widget\" data-widget_type=\"text-editor.default\">\n\t\t\t\t<div class=\"elementor-widget-container\">\n\t\t\t\t\t\t\t\t\t<p>Christina Samira ist Keramikk\u00fcnstlerin und Handwerkerin.<\/p>\n<p>Anfang 2022 er\u00f6ffnete sie ein eigenes Keramikatelier in 1150 Wien, in dem ihre Keramikproduktion und private Workshops f\u00fcr T\u00f6pfer-Interessierte stattfinden.<\/p>\n<p>Die Beziehung zwischen Christina Samira und Ton ist eine innige. Man munkelt, sie h\u00e4lt ein Leben lang. Sie begann 2015 durch eine zuf\u00e4llige Begegnung in Wien und hat sich anschlie\u00dfend durch die Arbeit in einem gro\u00dfen T\u00f6pferstudio in Amsterdam, Keramikschulen in Br\u00fcssel sowie einer Residency in Lettland tief verfestigt.<\/p>\n<p>Was diese Beziehung so stabil macht, ist die Faszination zum Material und seinen Eigenschaften. Die Arbeit mit Ton verlangt komplette Aufmerksamkeit und Geduld und l\u00e4sst gleichzeitig gerne einmal die Vorstellung von Zeit und Raum verschwinden. Und genau dadurch ist sie ein so guter Lehrer f\u00fcr viele F\u00e4higkeiten, die unser schnelles Leben oft nicht so wertsch\u00e4tzt. Wer diese Faszination am eigenen Leib erleben m\u00f6chte, ist bei den Workshops herzlich willkommen. Ob auf der T\u00f6pferscheibe oder durch das Modellieren mit der Hand, Ton hat so viele Seite zu entdecken.<\/p>\n<p>Die Keramikprodukte von Christina Samira sind aus Handarbeit entstanden, jedes davon ein Einzelst\u00fcck. Sie sollen den Alltag vers\u00fc\u00dfen und aus kleinen Momenten genussvolle machen. Jedes St\u00fcck ist mit der \u00dcberzeugung entstanden, dass die Energie w\u00e4hrend des Entstehens tief im St\u00fcck gespeichert wird und man beim Benutzten t\u00e4glich davon zehren kann.<\/p>\n<p>Und die sch\u00f6nsten Momente sind solche, wo Kund*innen diese aktiv wahrnehmen:<\/p>\n<p id=\"p1\">\u201eI just wanted to affirm that every time I use your pottery I feel so held. Like I can feel the love and intention in your art.\u201d<\/p>\t\t\t\t\t\t\t\t<\/div>\n\t\t\t\t<\/div>\n\t\t\t\t<\/div>\n\t\t\t\t<\/div>\n\t\t<div class=\"elementor-element elementor-element-144ba7c6 e-con-full e-flex e-con e-parent\" data-id=\"144ba7c6\" data-element_type=\"container\" data-e-type=\"container\">\n\t\t<div class=\"elementor-element elementor-element-94e1db6 e-con-full e-flex e-con e-child\" data-id=\"94e1db6\" data-element_type=\"container\" data-e-type=\"container\">\n\t\t\t\t<div class=\"elementor-element elementor-element-60568b0d elementor-widget elementor-widget-image\" data-id=\"60568b0d\" data-element_type=\"widget\" data-e-type=\"widget\" data-widget_type=\"image.default\">\n\t\t\t\t<div class=\"elementor-widget-container\">\n\t\t\t\t\t\t\t\t\t\t\t\t\t\t\t<img decoding=\"async\" width=\"144\" height=\"161\" src=\"https:\/\/christinasamira.com\/wp-content\/uploads\/2022\/03\/Element-2.svg\" class=\"attachment-large size-large wp-image-553\" alt=\"\" \/>\t\t\t\t\t\t\t\t\t\t\t\t\t\t\t<\/div>\n\t\t\t\t<\/div>\n\t\t\t\t<\/div>\n\t\t<div class=\"elementor-element elementor-element-276dcfb6 e-con-full e-flex e-con e-child\" data-id=\"276dcfb6\" data-element_type=\"container\" data-e-type=\"container\">\n\t\t\t\t<div class=\"elementor-element elementor-element-5335cf32 elementor-widget elementor-widget-text-editor\" data-id=\"5335cf32\" data-element_type=\"widget\" data-e-type=\"widget\" data-widget_type=\"text-editor.default\">\n\t\t\t\t<div class=\"elementor-widget-container\">\n\t\t\t\t\t\t\t\t\t<p><strong>Contact<\/strong><\/p><p>Christina Samira<\/p><p>Panholzer<\/p><p>+43 6641379961<\/p><p><a href=\"mailto:hallo@christinasamira.com\">hallo@christinasamira.com<\/a><\/p>\t\t\t\t\t\t\t\t<\/div>\n\t\t\t\t<\/div>\n\t\t\t\t<\/div>\n\t\t<div class=\"elementor-element elementor-element-9b93c3c e-con-full e-flex e-con e-child\" data-id=\"9b93c3c\" data-element_type=\"container\" data-e-type=\"container\">\n\t\t\t\t<div class=\"elementor-element elementor-element-2a4e2af5 elementor-widget elementor-widget-text-editor\" data-id=\"2a4e2af5\" data-element_type=\"widget\" data-e-type=\"widget\" data-widget_type=\"text-editor.default\">\n\t\t\t\t<div class=\"elementor-widget-container\">\n\t\t\t\t\t\t\t\t\t<p><a href=\"https:\/\/christinasamira.com\/index.php\/impressum\/\">Impressum<\/a><\/p>\t\t\t\t\t\t\t\t<\/div>\n\t\t\t\t<\/div>\n\t\t\t\t<div class=\"elementor-element elementor-element-708d1ce6 elementor-widget elementor-widget-text-editor\" data-id=\"708d1ce6\" data-element_type=\"widget\" data-e-type=\"widget\" data-widget_type=\"text-editor.default\">\n\t\t\t\t<div class=\"elementor-widget-container\">\n\t\t\t\t\t\t\t\t\t<p><a href=\"https:\/\/christinasamira.com\/index.php\/datenschutz\/\">Datenschutz<\/a><\/p>\t\t\t\t\t\t\t\t<\/div>\n\t\t\t\t<\/div>\n\t\t\t\t<div class=\"elementor-element elementor-element-e16fbe3 elementor-widget elementor-widget-text-editor\" data-id=\"e16fbe3\" data-element_type=\"widget\" data-e-type=\"widget\" data-widget_type=\"text-editor.default\">\n\t\t\t\t<div class=\"elementor-widget-container\">\n\t\t\t\t\t\t\t\t\t<p><a href=\"https:\/\/christinasamira.com\/index.php\/versand\/\">Versand<\/a><\/p>\t\t\t\t\t\t\t\t<\/div>\n\t\t\t\t<\/div>\n\t\t\t\t<div class=\"elementor-element elementor-element-35a6903c elementor-widget elementor-widget-text-editor\" data-id=\"35a6903c\" data-element_type=\"widget\" data-e-type=\"widget\" data-widget_type=\"text-editor.default\">\n\t\t\t\t<div class=\"elementor-widget-container\">\n\t\t\t\t\t\t\t\t\t<p><a href=\"https:\/\/christinasamira.com\/index.php\/agbs\/\">AGB<\/a><\/p>\t\t\t\t\t\t\t\t<\/div>\n\t\t\t\t<\/div>\n\t\t\t\t<\/div>\n\t\t<div class=\"elementor-element elementor-element-1105883d e-con-full e-flex e-con e-child\" data-id=\"1105883d\" data-element_type=\"container\" data-e-type=\"container\">\n\t\t\t\t<div class=\"elementor-element elementor-element-4a35f339 elementor-widget elementor-widget-text-editor\" data-id=\"4a35f339\" data-element_type=\"widget\" data-e-type=\"widget\" data-widget_type=\"text-editor.default\">\n\t\t\t\t<div class=\"elementor-widget-container\">\n\t\t\t\t\t\t\t\t\t<p><strong>Social Media<\/strong><\/p>\t\t\t\t\t\t\t\t<\/div>\n\t\t\t\t<\/div>\n\t\t\t\t<div class=\"elementor-element elementor-element-764b8ddf elementor-shape-square e-grid-align-left e-grid-align-tablet-left elementor-grid-2 elementor-widget elementor-widget-social-icons\" data-id=\"764b8ddf\" data-element_type=\"widget\" data-e-type=\"widget\" data-widget_type=\"social-icons.default\">\n\t\t\t\t<div class=\"elementor-widget-container\">\n\t\t\t\t\t\t\t<div class=\"elementor-social-icons-wrapper elementor-grid\" role=\"list\">\n\t\t\t\t\t\t\t<span class=\"elementor-grid-item\" role=\"listitem\">\n\t\t\t\t\t<a class=\"elementor-icon elementor-social-icon elementor-social-icon-instagram elementor-repeater-item-a6118d0\" href=\"https:\/\/www.instagram.com\/christinasamira_p\/\" target=\"_blank\">\n\t\t\t\t\t\t<span class=\"elementor-screen-only\">Instagram<\/span>\n\t\t\t\t\t\t<svg aria-hidden=\"true\" class=\"e-font-icon-svg e-fab-instagram\" viewBox=\"0 0 448 512\" xmlns=\"http:\/\/www.w3.org\/2000\/svg\"><path d=\"M224.1 141c-63.6 0-114.9 51.3-114.9 114.9s51.3 114.9 114.9 114.9S339 319.5 339 255.9 287.7 141 224.1 141zm0 189.6c-41.1 0-74.7-33.5-74.7-74.7s33.5-74.7 74.7-74.7 74.7 33.5 74.7 74.7-33.6 74.7-74.7 74.7zm146.4-194.3c0 14.9-12 26.8-26.8 26.8-14.9 0-26.8-12-26.8-26.8s12-26.8 26.8-26.8 26.8 12 26.8 26.8zm76.1 27.2c-1.7-35.9-9.9-67.7-36.2-93.9-26.2-26.2-58-34.4-93.9-36.2-37-2.1-147.9-2.1-184.9 0-35.8 1.7-67.6 9.9-93.9 36.1s-34.4 58-36.2 93.9c-2.1 37-2.1 147.9 0 184.9 1.7 35.9 9.9 67.7 36.2 93.9s58 34.4 93.9 36.2c37 2.1 147.9 2.1 184.9 0 35.9-1.7 67.7-9.9 93.9-36.2 26.2-26.2 34.4-58 36.2-93.9 2.1-37 2.1-147.8 0-184.8zM398.8 388c-7.8 19.6-22.9 34.7-42.6 42.6-29.5 11.7-99.5 9-132.1 9s-102.7 2.6-132.1-9c-19.6-7.8-34.7-22.9-42.6-42.6-11.7-29.5-9-99.5-9-132.1s-2.6-102.7 9-132.1c7.8-19.6 22.9-34.7 42.6-42.6 29.5-11.7 99.5-9 132.1-9s102.7-2.6 132.1 9c19.6 7.8 34.7 22.9 42.6 42.6 11.7 29.5 9 99.5 9 132.1s2.7 102.7-9 132.1z\"><\/path><\/svg>\t\t\t\t\t<\/a>\n\t\t\t\t<\/span>\n\t\t\t\t\t\t\t<span class=\"elementor-grid-item\" role=\"listitem\">\n\t\t\t\t\t<a class=\"elementor-icon elementor-social-icon elementor-social-icon-envelope elementor-repeater-item-b28a6b8\" href=\"mailto:hallo@christinasamira.com\" target=\"_blank\">\n\t\t\t\t\t\t<span class=\"elementor-screen-only\">Envelope<\/span>\n\t\t\t\t\t\t<svg aria-hidden=\"true\" class=\"e-font-icon-svg e-fas-envelope\" viewBox=\"0 0 512 512\" xmlns=\"http:\/\/www.w3.org\/2000\/svg\"><path d=\"M502.3 190.8c3.9-3.1 9.7-.2 9.7 4.7V400c0 26.5-21.5 48-48 48H48c-26.5 0-48-21.5-48-48V195.6c0-5 5.7-7.8 9.7-4.7 22.4 17.4 52.1 39.5 154.1 113.6 21.1 15.4 56.7 47.8 92.2 47.6 35.7.3 72-32.8 92.3-47.6 102-74.1 131.6-96.3 154-113.7zM256 320c23.2.4 56.6-29.2 73.4-41.4 132.7-96.3 142.8-104.7 173.4-128.7 5.8-4.5 9.2-11.5 9.2-18.9v-19c0-26.5-21.5-48-48-48H48C21.5 64 0 85.5 0 112v19c0 7.4 3.4 14.3 9.2 18.9 30.6 23.9 40.7 32.4 173.4 128.7 16.8 12.2 50.2 41.8 73.4 41.4z\"><\/path><\/svg>\t\t\t\t\t<\/a>\n\t\t\t\t<\/span>\n\t\t\t\t\t<\/div>\n\t\t\t\t\t\t<\/div>\n\t\t\t\t<\/div>\n\t\t\t\t<\/div>\n\t\t<div class=\"elementor-element elementor-element-1108498d e-con-full e-flex e-con e-child\" data-id=\"1108498d\" data-element_type=\"container\" data-e-type=\"container\">\n\t\t\t\t<div class=\"elementor-element elementor-element-469c34cf elementor-hidden-tablet elementor-hidden-mobile elementor-widget elementor-widget-heading\" data-id=\"469c34cf\" data-element_type=\"widget\" data-e-type=\"widget\" data-widget_type=\"heading.default\">\n\t\t\t\t<div class=\"elementor-widget-container\">\n\t\t\t\t\t<p class=\"elementor-heading-title elementor-size-default\">\u00a9 2022 Christina Panholzer. All Rights Reserved.<\/p>\t\t\t\t<\/div>\n\t\t\t\t<\/div>\n\t\t\t\t<\/div>\n\t\t\t\t<\/div>\n\t\t\t\t<\/div>\n\t\t","protected":false},"excerpt":{"rendered":"<p>About shop workshop brennservice vermietung EN Christina Samira ist Keramikk\u00fcnstlerin und Handwerkerin. Anfang 2022 er\u00f6ffnete sie ein eigenes Keramikatelier in 1150 Wien, in dem ihre Keramikproduktion und private Workshops f\u00fcr T\u00f6pfer-Interessierte stattfinden. Die Beziehung zwischen Christina Samira und Ton ist eine innige. Man munkelt, sie h\u00e4lt ein Leben lang. Sie begann 2015 durch eine zuf\u00e4llige [&hellip;]<\/p>\n","protected":false},"author":1,"featured_media":0,"parent":0,"menu_order":0,"comment_status":"closed","ping_status":"open","template":"","meta":{"footnotes":""},"class_list":["post-406","page","type-page","status-publish","hentry"],"_links":{"self":[{"href":"https:\/\/christinasamira.com\/index.php\/wp-json\/wp\/v2\/pages\/406","targetHints":{"allow":["GET"]}}],"collection":[{"href":"https:\/\/christinasamira.com\/index.php\/wp-json\/wp\/v2\/pages"}],"about":[{"href":"https:\/\/christinasamira.com\/index.php\/wp-json\/wp\/v2\/types\/page"}],"author":[{"embeddable":true,"href":"https:\/\/christinasamira.com\/index.php\/wp-json\/wp\/v2\/users\/1"}],"replies":[{"embeddable":true,"href":"https:\/\/christinasamira.com\/index.php\/wp-json\/wp\/v2\/comments?post=406"}],"version-history":[{"count":188,"href":"https:\/\/christinasamira.com\/index.php\/wp-json\/wp\/v2\/pages\/406\/revisions"}],"predecessor-version":[{"id":2550,"href":"https:\/\/christinasamira.com\/index.php\/wp-json\/wp\/v2\/pages\/406\/revisions\/2550"}],"wp:attachment":[{"href":"https:\/\/christinasamira.com\/index.php\/wp-json\/wp\/v2\/media?parent=406"}],"curies":[{"name":"wp","href":"https:\/\/api.w.org\/{rel}","templated":true}]}}